{"id":264,"date":"2023-04-28T13:07:26","date_gmt":"2023-04-28T11:07:26","guid":{"rendered":"https:\/\/www.perrosalcolegio.es\/?page_id=264"},"modified":"2023-06-13T11:29:07","modified_gmt":"2023-06-13T09:29:07","slug":"training","status":"publish","type":"page","link":"https:\/\/www.perrosalcolegio.es\/en\/formacion\/","title":{"rendered":"Training"},"content":{"rendered":"<div data-elementor-type=\"wp-page\" data-elementor-id=\"264\" class=\"elementor elementor-264\" data-elementor-post-type=\"page\">\n\t\t\t\t\t\t<section class=\"elementor-section elementor-top-section elementor-element elementor-element-2ee01a56 elementor-section-boxed elementor-section-height-default elementor-section-height-default\" data-id=\"2ee01a56\" data-element_type=\"section\" data-e-type=\"section\" data-settings=\"{&quot;background_background&quot;:&quot;classic&quot;}\">\n\t\t\t\t\t\t\t<div class=\"elementor-background-overlay\"><\/div>\n\t\t\t\t\t\t\t<div class=\"elementor-container elementor-column-gap-no\">\n\t\t\t\t\t<div class=\"elementor-column elementor-col-100 elementor-top-column elementor-element elementor-element-26d656a1\" data-id=\"26d656a1\" data-element_type=\"column\" data-e-type=\"column\">\n\t\t\t<div class=\"elementor-widget-wrap elementor-element-populated\">\n\t\t\t\t\t\t<div class=\"elementor-element elementor-element-66ef4a42 elementor-widget elementor-widget-heading\" data-id=\"66ef4a42\" data-element_type=\"widget\" data-e-type=\"widget\" data-widget_type=\"heading.default\">\n\t\t\t\t<div class=\"elementor-widget-container\">\n\t\t\t\t\t<h1 class=\"elementor-heading-title elementor-size-default\">Training and courses<\/h1>\t\t\t\t<\/div>\n\t\t\t\t<\/div>\n\t\t\t\t\t<\/div>\n\t\t<\/div>\n\t\t\t\t\t<\/div>\n\t\t<\/section>\n\t\t\t\t<section class=\"elementor-section elementor-top-section elementor-element elementor-element-e92ec4f elementor-section-content-middle elementor-section-boxed elementor-section-height-default elementor-section-height-default\" data-id=\"e92ec4f\" data-element_type=\"section\" data-e-type=\"section\" data-settings=\"{&quot;background_background&quot;:&quot;classic&quot;}\">\n\t\t\t\t\t\t<div class=\"elementor-container elementor-column-gap-no\">\n\t\t\t\t\t<div class=\"elementor-column elementor-col-100 elementor-top-column elementor-element elementor-element-548dcfb3\" data-id=\"548dcfb3\" data-element_type=\"column\" data-e-type=\"column\">\n\t\t\t<div class=\"elementor-widget-wrap elementor-element-populated\">\n\t\t\t\t\t\t<div class=\"elementor-element elementor-element-50c43dca elementor-widget elementor-widget-heading\" data-id=\"50c43dca\" data-element_type=\"widget\" data-e-type=\"widget\" data-widget_type=\"heading.default\">\n\t\t\t\t<div class=\"elementor-widget-container\">\n\t\t\t\t\t<h2 class=\"elementor-heading-title elementor-size-default\">Discover the exciting world of dogs<\/h2>\t\t\t\t<\/div>\n\t\t\t\t<\/div>\n\t\t\t\t\t<\/div>\n\t\t<\/div>\n\t\t\t\t\t<\/div>\n\t\t<\/section>\n\t\t\t\t<section class=\"elementor-section elementor-top-section elementor-element elementor-element-104d902c elementor-section-content-middle elementor-section-boxed elementor-section-height-default elementor-section-height-default\" data-id=\"104d902c\" data-element_type=\"section\" data-e-type=\"section\" data-settings=\"{&quot;background_background&quot;:&quot;classic&quot;}\">\n\t\t\t\t\t\t<div class=\"elementor-container elementor-column-gap-no\">\n\t\t\t\t\t<div class=\"elementor-column elementor-col-100 elementor-top-column elementor-element elementor-element-12a4f622\" data-id=\"12a4f622\" data-element_type=\"column\" data-e-type=\"column\">\n\t\t\t<div class=\"elementor-widget-wrap elementor-element-populated\">\n\t\t\t\t\t\t<section class=\"elementor-section elementor-inner-section elementor-element elementor-element-62b3b7a1 elementor-section-content-middle elementor-section-boxed elementor-section-height-default elementor-section-height-default\" data-id=\"62b3b7a1\" data-element_type=\"section\" data-e-type=\"section\">\n\t\t\t\t\t\t<div class=\"elementor-container elementor-column-gap-no\">\n\t\t\t\t\t<div class=\"elementor-column elementor-col-50 elementor-inner-column elementor-element elementor-element-302b064\" data-id=\"302b064\" data-element_type=\"column\" data-e-type=\"column\">\n\t\t\t<div class=\"elementor-widget-wrap elementor-element-populated\">\n\t\t\t\t\t\t<div class=\"elementor-element elementor-element-6e004861 elementor-widget elementor-widget-heading\" data-id=\"6e004861\" data-element_type=\"widget\" data-e-type=\"widget\" data-widget_type=\"heading.default\">\n\t\t\t\t<div class=\"elementor-widget-container\">\n\t\t\t\t\t<h3 class=\"elementor-heading-title elementor-size-default\">Don&#039;t wait for them to tell you, learn it yourself.<\/h3>\t\t\t\t<\/div>\n\t\t\t\t<\/div>\n\t\t\t\t<div class=\"elementor-element elementor-element-6ac2e91c elementor-mobile-align-start elementor-icon-list--layout-traditional elementor-list-item-link-full_width elementor-widget elementor-widget-icon-list\" data-id=\"6ac2e91c\" data-element_type=\"widget\" data-e-type=\"widget\" data-widget_type=\"icon-list.default\">\n\t\t\t\t<div class=\"elementor-widget-container\">\n\t\t\t\t\t\t\t<ul class=\"elementor-icon-list-items\">\n\t\t\t\t\t\t\t<li class=\"elementor-icon-list-item\">\n\t\t\t\t\t\t\t\t\t\t\t<span class=\"elementor-icon-list-icon\">\n\t\t\t\t\t\t\t<i aria-hidden=\"true\" class=\"far fa-check-circle\"><\/i>\t\t\t\t\t\t<\/span>\n\t\t\t\t\t\t\t\t\t\t<span class=\"elementor-icon-list-text\">All our courses are family oriented.<\/span>\n\t\t\t\t\t\t\t\t\t<\/li>\n\t\t\t\t\t\t\t\t<li class=\"elementor-icon-list-item\">\n\t\t\t\t\t\t\t\t\t\t\t<span class=\"elementor-icon-list-icon\">\n\t\t\t\t\t\t\t<i aria-hidden=\"true\" class=\"far fa-check-circle\"><\/i>\t\t\t\t\t\t<\/span>\n\t\t\t\t\t\t\t\t\t\t<span class=\"elementor-icon-list-text\">Short, easy-to-understand lessons and videos.<\/span>\n\t\t\t\t\t\t\t\t\t<\/li>\n\t\t\t\t\t\t\t\t<li class=\"elementor-icon-list-item\">\n\t\t\t\t\t\t\t\t\t\t\t<span class=\"elementor-icon-list-icon\">\n\t\t\t\t\t\t\t<i aria-hidden=\"true\" class=\"far fa-check-circle\"><\/i>\t\t\t\t\t\t<\/span>\n\t\t\t\t\t\t\t\t\t\t<span class=\"elementor-icon-list-text\">Divided by topic so that you only do and pay for what you need at any time.<\/span>\n\t\t\t\t\t\t\t\t\t<\/li>\n\t\t\t\t\t\t\t\t<li class=\"elementor-icon-list-item\">\n\t\t\t\t\t\t\t\t\t\t\t<span class=\"elementor-icon-list-icon\">\n\t\t\t\t\t\t\t<i aria-hidden=\"true\" class=\"far fa-check-circle\"><\/i>\t\t\t\t\t\t<\/span>\n\t\t\t\t\t\t\t\t\t\t<span class=\"elementor-icon-list-text\">Questionnaires to strengthen knowledge.<\/span>\n\t\t\t\t\t\t\t\t\t<\/li>\n\t\t\t\t\t\t\t\t<li class=\"elementor-icon-list-item\">\n\t\t\t\t\t\t\t\t\t\t\t<span class=\"elementor-icon-list-icon\">\n\t\t\t\t\t\t\t<i aria-hidden=\"true\" class=\"far fa-check-circle\"><\/i>\t\t\t\t\t\t<\/span>\n\t\t\t\t\t\t\t\t\t\t<span class=\"elementor-icon-list-text\">Frequently asked questions section of each course.<\/span>\n\t\t\t\t\t\t\t\t\t<\/li>\n\t\t\t\t\t\t\t\t<li class=\"elementor-icon-list-item\">\n\t\t\t\t\t\t\t\t\t\t\t<span class=\"elementor-icon-list-icon\">\n\t\t\t\t\t\t\t<i aria-hidden=\"true\" class=\"far fa-check-circle\"><\/i>\t\t\t\t\t\t<\/span>\n\t\t\t\t\t\t\t\t\t\t<span class=\"elementor-icon-list-text\">And if you can&#039;t find the answer... ask us!!!<\/span>\n\t\t\t\t\t\t\t\t\t<\/li>\n\t\t\t\t\t\t\t\t<li class=\"elementor-icon-list-item\">\n\t\t\t\t\t\t\t\t\t\t\t<span class=\"elementor-icon-list-icon\">\n\t\t\t\t\t\t\t<i aria-hidden=\"true\" class=\"far fa-check-circle\"><\/i>\t\t\t\t\t\t<\/span>\n\t\t\t\t\t\t\t\t\t\t<span class=\"elementor-icon-list-text\">Developed and created by our team of specialists in canine behavior and communication.<\/span>\n\t\t\t\t\t\t\t\t\t<\/li>\n\t\t\t\t\t\t<\/ul>\n\t\t\t\t\t\t<\/div>\n\t\t\t\t<\/div>\n\t\t\t\t\t<\/div>\n\t\t<\/div>\n\t\t\t\t<div class=\"elementor-column elementor-col-50 elementor-inner-column elementor-element elementor-element-5553cbca\" data-id=\"5553cbca\" data-element_type=\"column\" data-e-type=\"column\" data-settings=\"{&quot;background_background&quot;:&quot;classic&quot;}\">\n\t\t\t<div class=\"elementor-widget-wrap elementor-element-populated\">\n\t\t\t\t\t<div class=\"elementor-background-overlay\"><\/div>\n\t\t\t\t\t\t<div class=\"elementor-element elementor-element-4fd48b1 elementor-widget elementor-widget-image\" data-id=\"4fd48b1\" data-element_type=\"widget\" data-e-type=\"widget\" data-widget_type=\"image.default\">\n\t\t\t\t<div class=\"elementor-widget-container\">\n\t\t\t\t\t\t\t\t\t\t\t\t\t\t\t<img decoding=\"async\" src=\"https:\/\/www.perrosalcolegio.es\/wp-content\/uploads\/elementor\/thumbs\/VERTICAL-q85jdnmln012becp18fithc16pij7perday3p7c4dc.jpeg\" title=\"Dog\" alt=\"Dog\" loading=\"lazy\" \/>\t\t\t\t\t\t\t\t\t\t\t\t\t\t\t<\/div>\n\t\t\t\t<\/div>\n\t\t\t\t<div class=\"elementor-element elementor-element-515f5bed elementor-view-stacked elementor-position-inline-start elementor-absolute elementor-shape-circle elementor-mobile-position-block-start elementor-widget elementor-widget-icon-box\" data-id=\"515f5bed\" data-element_type=\"widget\" data-e-type=\"widget\" data-settings=\"{&quot;_position&quot;:&quot;absolute&quot;}\" data-widget_type=\"icon-box.default\">\n\t\t\t\t<div class=\"elementor-widget-container\">\n\t\t\t\t\t\t\t<div class=\"elementor-icon-box-wrapper\">\n\n\t\t\t\t\t\t<div class=\"elementor-icon-box-icon\">\n\t\t\t\t<span  class=\"elementor-icon\">\n\t\t\t\t<i aria-hidden=\"true\" class=\"fas fa-dog\"><\/i>\t\t\t\t<\/span>\n\t\t\t<\/div>\n\t\t\t\n\t\t\t\t\t\t<div class=\"elementor-icon-box-content\">\n\n\t\t\t\t\t\t\t\t\t<h3 class=\"elementor-icon-box-title\">\n\t\t\t\t\t\t<span  >\n\t\t\t\t\t\t\tGet ahead of problems\t\t\t\t\t\t<\/span>\n\t\t\t\t\t<\/h3>\n\t\t\t\t\n\t\t\t\t\n\t\t\t<\/div>\n\t\t\t\n\t\t<\/div>\n\t\t\t\t\t\t<\/div>\n\t\t\t\t<\/div>\n\t\t\t\t\t<\/div>\n\t\t<\/div>\n\t\t\t\t\t<\/div>\n\t\t<\/section>\n\t\t\t\t\t<\/div>\n\t\t<\/div>\n\t\t\t\t\t<\/div>\n\t\t<\/section>\n\t\t\t\t<\/div>","protected":false},"excerpt":{"rendered":"<p>Formaci\u00f3n y cursos Descubre el apasionante mundo de los perros No esperes a que te lo cuenten, apr\u00e9ndelo t\u00fa mismo. Todos nuestros cursos est\u00e1n orientados a la familia. Lecciones y v\u00eddeos cortos y f\u00e1ciles de entender. Divididos por temas para que solo hagas y pagues por lo que necesitas en cada momento. Cuestionarios para afianzar [&hellip;]<\/p>\n","protected":false},"author":1,"featured_media":0,"parent":0,"menu_order":16,"comment_status":"closed","ping_status":"closed","template":"","meta":{"site-sidebar-layout":"no-sidebar","site-content-layout":"page-builder","ast-site-content-layout":"default","site-content-style":"default","site-sidebar-style":"default","ast-global-header-display":"","ast-banner-title-visibility":"","ast-main-header-display":"","ast-hfb-above-header-display":"","ast-hfb-below-header-display":"","ast-hfb-mobile-header-display":"","site-post-title":"disabled","ast-breadcrumbs-content":"","ast-featured-img":"disabled","footer-sml-layout":"","ast-disable-related-posts":"","theme-transparent-header-meta":"default","adv-header-id-meta":"","stick-header-meta":"default","header-above-stick-meta":"","header-main-stick-meta":"","header-below-stick-meta":"","astra-migrate-meta-layouts":"default","ast-page-background-enabled":"default","ast-page-background-meta":{"desktop":{"background-color":"","background-image":"","background-repeat":"repeat","background-position":"center center","background-size":"auto","background-attachment":"scroll","background-type":"","background-media":"","overlay-type":"","overlay-color":"","overlay-opacity":"","overlay-gradient":""},"tablet":{"background-color":"","background-image":"","background-repeat":"repeat","background-position":"center center","background-size":"auto","background-attachment":"scroll","background-type":"","background-media":"","overlay-type":"","overlay-color":"","overlay-opacity":"","overlay-gradient":""},"mobile":{"background-color":"","background-image":"","background-repeat":"repeat","background-position":"center center","background-size":"auto","background-attachment":"scroll","background-type":"","background-media":"","overlay-type":"","overlay-color":"","overlay-opacity":"","overlay-gradient":""}},"ast-content-background-meta":{"desktop":{"background-color":"var(--ast-global-color-5)","background-image":"","background-repeat":"repeat","background-position":"center center","background-size":"auto","background-attachment":"scroll","background-type":"","background-media":"","overlay-type":"","overlay-color":"","overlay-opacity":"","overlay-gradient":""},"tablet":{"background-color":"var(--ast-global-color-5)","background-image":"","background-repeat":"repeat","background-position":"center center","background-size":"auto","background-attachment":"scroll","background-type":"","background-media":"","overlay-type":"","overlay-color":"","overlay-opacity":"","overlay-gradient":""},"mobile":{"background-color":"var(--ast-global-color-5)","background-image":"","background-repeat":"repeat","background-position":"center center","background-size":"auto","background-attachment":"scroll","background-type":"","background-media":"","overlay-type":"","overlay-color":"","overlay-opacity":"","overlay-gradient":""}},"_joinchat":[],"footnotes":""},"class_list":["post-264","page","type-page","status-publish","hentry"],"yoast_head":"<!-- This site is optimized with the Yoast SEO plugin v27.4 - https:\/\/yoast.com\/product\/yoast-seo-wordpress\/ -->\n<title>Formaci\u00f3n - Perros al colegio<\/title>\n<meta name=\"description\" content=\"Descubre nuestra formaci\u00f3n y cursos especializados en el mundo canino. Ampl\u00eda tus conocimientos y convi\u00e9rtete en un experto.\" \/>\n<meta name=\"robots\" content=\"index, follow, max-snippet:-1, max-image-preview:large, max-video-preview:-1\" \/>\n<link rel=\"canonical\" href=\"https:\/\/www.perrosalcolegio.es\/en\/training\/\" \/>\n<meta property=\"og:locale\" content=\"en_US\" \/>\n<meta property=\"og:type\" content=\"article\" \/>\n<meta property=\"og:title\" content=\"Formaci\u00f3n - Perros al colegio\" \/>\n<meta property=\"og:description\" content=\"Descubre nuestra formaci\u00f3n y cursos especializados en el mundo canino. Ampl\u00eda tus conocimientos y convi\u00e9rtete en un experto.\" \/>\n<meta property=\"og:url\" content=\"https:\/\/www.perrosalcolegio.es\/en\/training\/\" \/>\n<meta property=\"og:site_name\" content=\"Perros al colegio\" \/>\n<meta property=\"article:publisher\" content=\"https:\/\/www.facebook.com\/perrosalcoelgio\/\" \/>\n<meta property=\"article:modified_time\" content=\"2023-06-13T09:29:07+00:00\" \/>\n<meta property=\"og:image\" content=\"https:\/\/www.perrosalcolegio.es\/wp-content\/uploads\/elementor\/thumbs\/VERTICAL-q7k0usu5bqi3i3r7bpspomfaskk532entzf0f5bdwg.jpeg\" \/>\n<meta name=\"twitter:card\" content=\"summary_large_image\" \/>\n<script type=\"application\/ld+json\" class=\"yoast-schema-graph\">{\"@context\":\"https:\\\/\\\/schema.org\",\"@graph\":[{\"@type\":\"WebPage\",\"@id\":\"https:\\\/\\\/www.perrosalcolegio.es\\\/formacion\\\/\",\"url\":\"https:\\\/\\\/www.perrosalcolegio.es\\\/formacion\\\/\",\"name\":\"Formaci\u00f3n - Perros al colegio\",\"isPartOf\":{\"@id\":\"https:\\\/\\\/www.perrosalcolegio.es\\\/#website\"},\"primaryImageOfPage\":{\"@id\":\"https:\\\/\\\/www.perrosalcolegio.es\\\/formacion\\\/#primaryimage\"},\"image\":{\"@id\":\"https:\\\/\\\/www.perrosalcolegio.es\\\/formacion\\\/#primaryimage\"},\"thumbnailUrl\":\"https:\\\/\\\/www.perrosalcolegio.es\\\/wp-content\\\/uploads\\\/elementor\\\/thumbs\\\/VERTICAL-q7k0usu5bqi3i3r7bpspomfaskk532entzf0f5bdwg.jpeg\",\"datePublished\":\"2023-04-28T11:07:26+00:00\",\"dateModified\":\"2023-06-13T09:29:07+00:00\",\"description\":\"Descubre nuestra formaci\u00f3n y cursos especializados en el mundo canino. Ampl\u00eda tus conocimientos y convi\u00e9rtete en un experto.\",\"breadcrumb\":{\"@id\":\"https:\\\/\\\/www.perrosalcolegio.es\\\/formacion\\\/#breadcrumb\"},\"inLanguage\":\"en-US\",\"potentialAction\":[{\"@type\":\"ReadAction\",\"target\":[\"https:\\\/\\\/www.perrosalcolegio.es\\\/formacion\\\/\"]}]},{\"@type\":\"ImageObject\",\"inLanguage\":\"en-US\",\"@id\":\"https:\\\/\\\/www.perrosalcolegio.es\\\/formacion\\\/#primaryimage\",\"url\":\"https:\\\/\\\/www.perrosalcolegio.es\\\/wp-content\\\/uploads\\\/elementor\\\/thumbs\\\/VERTICAL-q7k0usu5bqi3i3r7bpspomfaskk532entzf0f5bdwg.jpeg\",\"contentUrl\":\"https:\\\/\\\/www.perrosalcolegio.es\\\/wp-content\\\/uploads\\\/elementor\\\/thumbs\\\/VERTICAL-q7k0usu5bqi3i3r7bpspomfaskk532entzf0f5bdwg.jpeg\"},{\"@type\":\"BreadcrumbList\",\"@id\":\"https:\\\/\\\/www.perrosalcolegio.es\\\/formacion\\\/#breadcrumb\",\"itemListElement\":[{\"@type\":\"ListItem\",\"position\":1,\"name\":\"Inicio\",\"item\":\"https:\\\/\\\/www.perrosalcolegio.es\\\/\"},{\"@type\":\"ListItem\",\"position\":2,\"name\":\"Formaci\u00f3n\"}]},{\"@type\":\"WebSite\",\"@id\":\"https:\\\/\\\/www.perrosalcolegio.es\\\/#website\",\"url\":\"https:\\\/\\\/www.perrosalcolegio.es\\\/\",\"name\":\"Perros al colegio\",\"description\":\"Servicios profesionales para perro y familia, porque vuestro bienestar va de la mano.\",\"publisher\":{\"@id\":\"https:\\\/\\\/www.perrosalcolegio.es\\\/#organization\"},\"potentialAction\":[{\"@type\":\"SearchAction\",\"target\":{\"@type\":\"EntryPoint\",\"urlTemplate\":\"https:\\\/\\\/www.perrosalcolegio.es\\\/?s={search_term_string}\"},\"query-input\":{\"@type\":\"PropertyValueSpecification\",\"valueRequired\":true,\"valueName\":\"search_term_string\"}}],\"inLanguage\":\"en-US\"},{\"@type\":\"Organization\",\"@id\":\"https:\\\/\\\/www.perrosalcolegio.es\\\/#organization\",\"name\":\"Perros al colegio\",\"url\":\"https:\\\/\\\/www.perrosalcolegio.es\\\/\",\"logo\":{\"@type\":\"ImageObject\",\"inLanguage\":\"en-US\",\"@id\":\"https:\\\/\\\/www.perrosalcolegio.es\\\/#\\\/schema\\\/logo\\\/image\\\/\",\"url\":\"https:\\\/\\\/www.perrosalcolegio.es\\\/wp-content\\\/uploads\\\/2023\\\/05\\\/favicon.png\",\"contentUrl\":\"https:\\\/\\\/www.perrosalcolegio.es\\\/wp-content\\\/uploads\\\/2023\\\/05\\\/favicon.png\",\"width\":175,\"height\":175,\"caption\":\"Perros al colegio\"},\"image\":{\"@id\":\"https:\\\/\\\/www.perrosalcolegio.es\\\/#\\\/schema\\\/logo\\\/image\\\/\"},\"sameAs\":[\"https:\\\/\\\/www.facebook.com\\\/perrosalcoelgio\\\/\",\"https:\\\/\\\/www.instagram.com\\\/perros_al_colegio\\\/\"]}]}<\/script>\n<!-- \/ Yoast SEO plugin. -->","yoast_head_json":{"title":"Training - Perros al colegio","description":"Discover our training and specialized courses in the canine world. Expand your knowledge and become an expert.","robots":{"index":"index","follow":"follow","max-snippet":"max-snippet:-1","max-image-preview":"max-image-preview:large","max-video-preview":"max-video-preview:-1"},"canonical":"https:\/\/www.perrosalcolegio.es\/en\/training\/","og_locale":"en_US","og_type":"article","og_title":"Formaci\u00f3n - Perros al colegio","og_description":"Descubre nuestra formaci\u00f3n y cursos especializados en el mundo canino. Ampl\u00eda tus conocimientos y convi\u00e9rtete en un experto.","og_url":"https:\/\/www.perrosalcolegio.es\/en\/training\/","og_site_name":"Perros al colegio","article_publisher":"https:\/\/www.facebook.com\/perrosalcoelgio\/","article_modified_time":"2023-06-13T09:29:07+00:00","og_image":[{"url":"https:\/\/www.perrosalcolegio.es\/wp-content\/uploads\/elementor\/thumbs\/VERTICAL-q7k0usu5bqi3i3r7bpspomfaskk532entzf0f5bdwg.jpeg","type":"","width":"","height":""}],"twitter_card":"summary_large_image","schema":{"@context":"https:\/\/schema.org","@graph":[{"@type":"WebPage","@id":"https:\/\/www.perrosalcolegio.es\/formacion\/","url":"https:\/\/www.perrosalcolegio.es\/formacion\/","name":"Training - Perros al colegio","isPartOf":{"@id":"https:\/\/www.perrosalcolegio.es\/#website"},"primaryImageOfPage":{"@id":"https:\/\/www.perrosalcolegio.es\/formacion\/#primaryimage"},"image":{"@id":"https:\/\/www.perrosalcolegio.es\/formacion\/#primaryimage"},"thumbnailUrl":"https:\/\/www.perrosalcolegio.es\/wp-content\/uploads\/elementor\/thumbs\/VERTICAL-q7k0usu5bqi3i3r7bpspomfaskk532entzf0f5bdwg.jpeg","datePublished":"2023-04-28T11:07:26+00:00","dateModified":"2023-06-13T09:29:07+00:00","description":"Discover our training and specialized courses in the canine world. Expand your knowledge and become an expert.","breadcrumb":{"@id":"https:\/\/www.perrosalcolegio.es\/formacion\/#breadcrumb"},"inLanguage":"en-US","potentialAction":[{"@type":"ReadAction","target":["https:\/\/www.perrosalcolegio.es\/formacion\/"]}]},{"@type":"ImageObject","inLanguage":"en-US","@id":"https:\/\/www.perrosalcolegio.es\/formacion\/#primaryimage","url":"https:\/\/www.perrosalcolegio.es\/wp-content\/uploads\/elementor\/thumbs\/VERTICAL-q7k0usu5bqi3i3r7bpspomfaskk532entzf0f5bdwg.jpeg","contentUrl":"https:\/\/www.perrosalcolegio.es\/wp-content\/uploads\/elementor\/thumbs\/VERTICAL-q7k0usu5bqi3i3r7bpspomfaskk532entzf0f5bdwg.jpeg"},{"@type":"BreadcrumbList","@id":"https:\/\/www.perrosalcolegio.es\/formacion\/#breadcrumb","itemListElement":[{"@type":"ListItem","position":1,"name":"Inicio","item":"https:\/\/www.perrosalcolegio.es\/"},{"@type":"ListItem","position":2,"name":"Formaci\u00f3n"}]},{"@type":"WebSite","@id":"https:\/\/www.perrosalcolegio.es\/#website","url":"https:\/\/www.perrosalcolegio.es\/","name":"Perros al colegio","description":"Professional services for dogs and families, because your well-being goes hand in hand.","publisher":{"@id":"https:\/\/www.perrosalcolegio.es\/#organization"},"potentialAction":[{"@type":"SearchAction","target":{"@type":"EntryPoint","urlTemplate":"https:\/\/www.perrosalcolegio.es\/?s={search_term_string}"},"query-input":{"@type":"PropertyValueSpecification","valueRequired":true,"valueName":"search_term_string"}}],"inLanguage":"en-US"},{"@type":"Organization","@id":"https:\/\/www.perrosalcolegio.es\/#organization","name":"Perros al colegio","url":"https:\/\/www.perrosalcolegio.es\/","logo":{"@type":"ImageObject","inLanguage":"en-US","@id":"https:\/\/www.perrosalcolegio.es\/#\/schema\/logo\/image\/","url":"https:\/\/www.perrosalcolegio.es\/wp-content\/uploads\/2023\/05\/favicon.png","contentUrl":"https:\/\/www.perrosalcolegio.es\/wp-content\/uploads\/2023\/05\/favicon.png","width":175,"height":175,"caption":"Perros al colegio"},"image":{"@id":"https:\/\/www.perrosalcolegio.es\/#\/schema\/logo\/image\/"},"sameAs":["https:\/\/www.facebook.com\/perrosalcoelgio\/","https:\/\/www.instagram.com\/perros_al_colegio\/"]}]}},"_links":{"self":[{"href":"https:\/\/www.perrosalcolegio.es\/en\/wp-json\/wp\/v2\/pages\/264","targetHints":{"allow":["GET"]}}],"collection":[{"href":"https:\/\/www.perrosalcolegio.es\/en\/wp-json\/wp\/v2\/pages"}],"about":[{"href":"https:\/\/www.perrosalcolegio.es\/en\/wp-json\/wp\/v2\/types\/page"}],"author":[{"embeddable":true,"href":"https:\/\/www.perrosalcolegio.es\/en\/wp-json\/wp\/v2\/users\/1"}],"replies":[{"embeddable":true,"href":"https:\/\/www.perrosalcolegio.es\/en\/wp-json\/wp\/v2\/comments?post=264"}],"version-history":[{"count":65,"href":"https:\/\/www.perrosalcolegio.es\/en\/wp-json\/wp\/v2\/pages\/264\/revisions"}],"predecessor-version":[{"id":2881,"href":"https:\/\/www.perrosalcolegio.es\/en\/wp-json\/wp\/v2\/pages\/264\/revisions\/2881"}],"wp:attachment":[{"href":"https:\/\/www.perrosalcolegio.es\/en\/wp-json\/wp\/v2\/media?parent=264"}],"curies":[{"name":"wp","href":"https:\/\/api.w.org\/{rel}","templated":true}]}}