{"id":88,"date":"2023-03-01T14:03:52","date_gmt":"2023-03-01T13:03:52","guid":{"rendered":"https:\/\/www.perrosalcolegio.es\/?page_id=88"},"modified":"2023-03-24T10:54:06","modified_gmt":"2023-03-24T09:54:06","slug":"cookies-policy","status":"publish","type":"page","link":"https:\/\/www.perrosalcolegio.es\/en\/politica-de-cookies\/","title":{"rendered":"Cookies policy"},"content":{"rendered":"<p>This website uses cookies. Here we explain what cookies are and how we use them on our website. You can change your cookie preferences at any time:<\/p>\n<p style=\"text-align: center;\"><a href=\"#\" class=\"_brlbs-btn-cookie-preference borlabs-cookie-preference\">Cookie preferences<\/a>\n<hr \/>\n<p>In compliance with Law 34\/2002, of July 11, on Services of the Information Society and Electronic Commerce, we inform you that this website, like most Internet sites, uses Cookies to improve and optimize the user experience.<\/p>\n<p>Below you will find detailed information about what Cookies are, what type this website uses, how to change your cookie settings, and what happens if you disable Cookies.<\/p>\n<h2>What are Cookies?<\/h2>\n<p>A cookie is a small file that is downloaded to the user&#039;s computer in order to store data, which can be updated and recovered by the entity responsible for its installation.<\/p>\n<h2>What type of Cookies does this website use?<\/h2>\n<p>Below is a table with the Cookies used on this website. You can find out about the transfers to third countries that, where appropriate, are made by the third parties identified in this cookie policy in their corresponding policies.<\/p>\n<div class=\"BorlabsCookie\"><h3 class=\"_brlbs _brlbs-cg-essential\">Essential<\/h3><p class=\"_brlbs _brlbs-cg-essential\">Essential cookies enable basic functions and are necessary for the proper functioning of the website.<\/p><h4 class=\"_brlbs _brlbs-c-borlabs-cookie\">Borlabs Cookie<\/h4><div class=\"_brlbs-responsive-table\"><table class=\"_brlbs _brlbs-c-borlabs-cookie\"><tr><th scope=\"row\">Name<\/th><td>Borlabs Cookie<\/td><\/tr><tr><th scope=\"row\">Supplier<\/th><td>Owner of this website<span>, <\/span><a href=\"https:\/\/www.perrosalcolegio.es\/en\/legal-warning\/\">Legal warning<\/a><\/td><\/tr><tr><th scope=\"row\">Purpose<\/th><td>Saves selected visitor preferences in the Borlabs Cookie Cookie Box.<\/td><\/tr><tr><th scope=\"row\">Cookie name<\/th><td>borlabs-cookie<\/td><\/tr><tr><th scope=\"row\">Cookie expiration<\/th><td>1 year<\/td><\/tr><\/table><\/div><h3 class=\"_brlbs _brlbs-cg-statistics\">Statistics<\/h3><p class=\"_brlbs _brlbs-cg-statistics\">Statistics cookies collect information anonymously. This information helps us understand how our visitors use our website.<\/p><h4 class=\"_brlbs _brlbs-c-google-analytics\">Google Analytics<\/h4><div class=\"_brlbs-responsive-table\"><table class=\"_brlbs _brlbs-c-google-analytics\"><tr><th scope=\"row\">Name<\/th><td>Google Analytics<\/td><\/tr><tr><th scope=\"row\">Supplier<\/th><td>Google Ireland Limited, Gordon House, Barrow Street, Dublin 4, Ireland<\/td><\/tr><tr><th scope=\"row\">Purpose<\/th><td>Google cookie used for website analysis. Generates statistical data on how the visitor uses the website.<\/td><\/tr><tr><th scope=\"row\">Privacy Policy<\/th><td><a href=\"https:\/\/policies.google.com\/privacy?hl=en\" target=\"_blank\" rel=\"nofollow noopener noreferrer\">https:\/\/policies.google.com\/privacy?hl=en<\/a><\/td><\/tr><tr><th scope=\"row\">Cookie name<\/th><td>_ga,_gat,_gid<\/td><\/tr><tr><th scope=\"row\">Cookie expiration<\/th><td>2 months<\/td><\/tr><\/table><\/div><h3 class=\"_brlbs _brlbs-cg-external-media\">external media<\/h3><p class=\"_brlbs _brlbs-cg-external-media\">Content from video platforms and social media platforms is blocked by default. If cookies from external media are accepted, access to these contents no longer requires manual consent.<\/p><h4 class=\"_brlbs _brlbs-c-facebook\">Facebook<\/h4><div class=\"_brlbs-responsive-table\"><table class=\"_brlbs _brlbs-c-facebook\"><tr><th scope=\"row\">Name<\/th><td>Facebook<\/td><\/tr><tr><th scope=\"row\">Supplier<\/th><td>Meta Platforms Ireland Limited, 4 Grand Canal Square, Dublin 2, Ireland<\/td><\/tr><tr><th scope=\"row\">Purpose<\/th><td>It is used to unblock Facebook content.<\/td><\/tr><tr><th scope=\"row\">Privacy Policy<\/th><td><a href=\"https:\/\/www.facebook.com\/privacy\/explanation\" target=\"_blank\" rel=\"nofollow noopener noreferrer\">https:\/\/www.facebook.com\/privacy\/explanation<\/a><\/td><\/tr><tr><th scope=\"row\">Host(s)<\/th><td>.facebook.com<\/td><\/tr><\/table><\/div><h4 class=\"_brlbs _brlbs-c-googlemaps\">google maps<\/h4><div class=\"_brlbs-responsive-table\"><table class=\"_brlbs _brlbs-c-googlemaps\"><tr><th scope=\"row\">Name<\/th><td>google maps<\/td><\/tr><tr><th scope=\"row\">Supplier<\/th><td>Google Ireland Limited, Gordon House, Barrow Street, Dublin 4, Ireland<\/td><\/tr><tr><th scope=\"row\">Purpose<\/th><td>It is used to unlock the content of Google Maps.<\/td><\/tr><tr><th scope=\"row\">Privacy Policy<\/th><td><a href=\"https:\/\/policies.google.com\/privacy?hl=enl=en\" target=\"_blank\" rel=\"nofollow noopener noreferrer\">https:\/\/policies.google.com\/privacy?hl=enl=en<\/a><\/td><\/tr><tr><th scope=\"row\">Host(s)<\/th><td>.Google com<\/td><\/tr><tr><th scope=\"row\">Cookie name<\/th><td>NID<\/td><\/tr><tr><th scope=\"row\">Cookie expiration<\/th><td>6 months<\/td><\/tr><\/table><\/div><h4 class=\"_brlbs _brlbs-c-instagram\">instagram<\/h4><div class=\"_brlbs-responsive-table\"><table class=\"_brlbs _brlbs-c-instagram\"><tr><th scope=\"row\">Name<\/th><td>instagram<\/td><\/tr><tr><th scope=\"row\">Supplier<\/th><td>Meta Platforms Ireland Limited, 4 Grand Canal Square, Dublin 2, Ireland<\/td><\/tr><tr><th scope=\"row\">Purpose<\/th><td>It is used to unblock Instagram content.<\/td><\/tr><tr><th scope=\"row\">Privacy Policy<\/th><td><a href=\"https:\/\/www.instagram.com\/legal\/privacy\/\" target=\"_blank\" rel=\"nofollow noopener noreferrer\">https:\/\/www.instagram.com\/legal\/privacy\/<\/a><\/td><\/tr><tr><th scope=\"row\">Host(s)<\/th><td>.instagram.com<\/td><\/tr><tr><th scope=\"row\">Cookie name<\/th><td>pigeon_state<\/td><\/tr><tr><th scope=\"row\">Cookie expiration<\/th><td>Session<\/td><\/tr><\/table><\/div><h4 class=\"_brlbs _brlbs-c-vimeo\">Vimeo<\/h4><div class=\"_brlbs-responsive-table\"><table class=\"_brlbs _brlbs-c-vimeo\"><tr><th scope=\"row\">Name<\/th><td>Vimeo<\/td><\/tr><tr><th scope=\"row\">Supplier<\/th><td>Vimeo Inc., 555 West 18th Street, New York, New York 10011, USA<\/td><\/tr><tr><th scope=\"row\">Purpose<\/th><td>It is used to unlock Vimeo content.<\/td><\/tr><tr><th scope=\"row\">Privacy Policy<\/th><td><a href=\"https:\/\/vimeo.com\/privacy\" target=\"_blank\" rel=\"nofollow noopener noreferrer\">https:\/\/vimeo.com\/privacy<\/a><\/td><\/tr><tr><th scope=\"row\">Host(s)<\/th><td>player.vimeo.com<\/td><\/tr><tr><th scope=\"row\">Cookie name<\/th><td>void<\/td><\/tr><tr><th scope=\"row\">Cookie expiration<\/th><td>2 years<\/td><\/tr><\/table><\/div><h4 class=\"_brlbs _brlbs-c-youtube\">Youtube<\/h4><div class=\"_brlbs-responsive-table\"><table class=\"_brlbs _brlbs-c-youtube\"><tr><th scope=\"row\">Name<\/th><td>Youtube<\/td><\/tr><tr><th scope=\"row\">Supplier<\/th><td>Google Ireland Limited, Gordon House, Barrow Street, Dublin 4, Ireland<\/td><\/tr><tr><th scope=\"row\">Purpose<\/th><td>It is used to unblock YouTube content.<\/td><\/tr><tr><th scope=\"row\">Privacy Policy<\/th><td><a href=\"https:\/\/policies.google.com\/privacy?hl=enl=en\" target=\"_blank\" rel=\"nofollow noopener noreferrer\">https:\/\/policies.google.com\/privacy?hl=enl=en<\/a><\/td><\/tr><tr><th scope=\"row\">Host(s)<\/th><td>Google com<\/td><\/tr><tr><th scope=\"row\">Cookie name<\/th><td>NID<\/td><\/tr><tr><th scope=\"row\">Cookie expiration<\/th><td>6 months<\/td><\/tr><\/table><\/div><\/div>\n<h2>How can you configure your Cookies?<\/h2>\n<p>By browsing and continuing on our website, you will be consenting to the use of Cookies under the conditions contained in this Cookies Policy. As a user, you have the possibility to exercise your right to block, delete and reject the use of Cookies, at any time, by modifying your browser options.<\/p>\n<p>For example:<\/p>\n<ol>\n<li>Internet Explorer: Tools&gt; Internet Options&gt; Privacy&gt; Settings. For more information, you can consult Microsoft support or the browser&#039;s Help.<\/li>\n<li>Mozilla Firefox: Tools&gt; Options&gt; Privacy&gt; History&gt; Custom Settings. For more information, you can consult Mozilla support or the browser&#039;s Help.<\/li>\n<li>Google Chrome: Settings&gt; Show advanced options&gt; Privacy -&gt; Content settings. For more information, you can consult Google support or the browser&#039;s Help.<\/li>\n<li>Safari: Preferences &gt; Security. For more information, you can consult Apple support or the browser&#039;s Help.<\/li>\n<li>Opera: Settings &gt; Options &gt; Advanced &gt; Cookies For more information, you can consult Opera support or the browser&#039;s Help.<\/li>\n<\/ol>\n<p>If you use another browser other than the previous ones, consult its policy for the installation, use and blocking of cookies. \u2013&gt;<\/p>\n<h2>Your consent history<\/h2>\n<div class=\"BorlabsCookie\" data-borlabs-cookie-consent-history><div class=\"_brlbs-responsive-table\"><table class=\"_brlbs-table\"><thead><tr><th class=\"_brlbs-table-date\" scope=\"col\">Date<\/th><th class=\"_brlbs-table-version\" scope=\"col\">Version<\/th><th class=\"_brlbs-table-consents\" scope=\"col\">Consents<\/th><\/tr><\/thead><\/table><\/div><\/div>\n<h2>What happens if Cookies are disabled?<\/h2>\n<p>Some features of the Services or areas of this website may not function properly.<\/p>\n<h2>Shall we update our Cookies policy?<\/h2>\n<p>It is possible that we update the Cookies policy of our website, therefore, our lawyers ask us to recommend that you review this policy each time you access our website, in order to be adequately informed about how and for what we use Cookies. .<\/p>","protected":false},"excerpt":{"rendered":"<p>Esta web utiliza cookies. Aqu\u00ed te explicamos qu\u00e9 son las cookies y c\u00f3mo las usamos en nuestra web. Puedes cambiar tus preferencias de cookies en cualquier momento: En cumplimiento de la Ley 34\/2002, de 11 de julio, de Servicios de la Sociedad de la Informaci\u00f3n y Comercio Electr\u00f3nico, te informamos de que este sitio web, [&hellip;]<\/p>\n","protected":false},"author":1,"featured_media":0,"parent":0,"menu_order":22,"comment_status":"closed","ping_status":"closed","template":"","meta":{"site-sidebar-layout":"no-sidebar","site-content-layout":"default","ast-site-content-layout":"default","site-content-style":"default","site-sidebar-style":"default","ast-global-header-display":"","ast-banner-title-visibility":"","ast-main-header-display":"","ast-hfb-above-header-display":"","ast-hfb-below-header-display":"","ast-hfb-mobile-header-display":"","site-post-title":"","ast-breadcrumbs-content":"","ast-featured-img":"","footer-sml-layout":"","ast-disable-related-posts":"","theme-transparent-header-meta":"default","adv-header-id-meta":"","stick-header-meta":"default","header-above-stick-meta":"","header-main-stick-meta":"","header-below-stick-meta":"","astra-migrate-meta-layouts":"default","ast-page-background-enabled":"default","ast-page-background-meta":{"desktop":{"background-color":"","background-image":"","background-repeat":"repeat","background-position":"center center","background-size":"auto","background-attachment":"scroll","background-type":"","background-media":"","overlay-type":"","overlay-color":"","overlay-opacity":"","overlay-gradient":""},"tablet":{"background-color":"","background-image":"","background-repeat":"repeat","background-position":"center center","background-size":"auto","background-attachment":"scroll","background-type":"","background-media":"","overlay-type":"","overlay-color":"","overlay-opacity":"","overlay-gradient":""},"mobile":{"background-color":"","background-image":"","background-repeat":"repeat","background-position":"center center","background-size":"auto","background-attachment":"scroll","background-type":"","background-media":"","overlay-type":"","overlay-color":"","overlay-opacity":"","overlay-gradient":""}},"ast-content-background-meta":{"desktop":{"background-color":"var(--ast-global-color-5)","background-image":"","background-repeat":"repeat","background-position":"center center","background-size":"auto","background-attachment":"scroll","background-type":"","background-media":"","overlay-type":"","overlay-color":"","overlay-opacity":"","overlay-gradient":""},"tablet":{"background-color":"var(--ast-global-color-5)","background-image":"","background-repeat":"repeat","background-position":"center center","background-size":"auto","background-attachment":"scroll","background-type":"","background-media":"","overlay-type":"","overlay-color":"","overlay-opacity":"","overlay-gradient":""},"mobile":{"background-color":"var(--ast-global-color-5)","background-image":"","background-repeat":"repeat","background-position":"center center","background-size":"auto","background-attachment":"scroll","background-type":"","background-media":"","overlay-type":"","overlay-color":"","overlay-opacity":"","overlay-gradient":""}},"_joinchat":[],"footnotes":""},"class_list":["post-88","page","type-page","status-publish","hentry"],"yoast_head":"<!-- This site is optimized with the Yoast SEO plugin v27.4 - https:\/\/yoast.com\/product\/yoast-seo-wordpress\/ -->\n<title>Pol\u00edtica de cookies - Perros al colegio<\/title>\n<meta name=\"description\" content=\"Pol\u00edtica de cookies de Perros al colegio\" \/>\n<meta name=\"robots\" content=\"index, follow, max-snippet:-1, max-image-preview:large, max-video-preview:-1\" \/>\n<link rel=\"canonical\" href=\"https:\/\/www.perrosalcolegio.es\/en\/cookies-policy\/\" \/>\n<meta property=\"og:locale\" content=\"en_US\" \/>\n<meta property=\"og:type\" content=\"article\" \/>\n<meta property=\"og:title\" content=\"Pol\u00edtica de cookies - Perros al colegio\" \/>\n<meta property=\"og:description\" content=\"Pol\u00edtica de cookies de Perros al colegio\" \/>\n<meta property=\"og:url\" content=\"https:\/\/www.perrosalcolegio.es\/en\/cookies-policy\/\" \/>\n<meta property=\"og:site_name\" content=\"Perros al colegio\" \/>\n<meta property=\"article:publisher\" content=\"https:\/\/www.facebook.com\/perrosalcoelgio\/\" \/>\n<meta property=\"article:modified_time\" content=\"2023-03-24T09:54:06+00:00\" \/>\n<meta property=\"og:image\" content=\"https:\/\/www.perrosalcolegio.es\/wp-content\/uploads\/2023\/06\/Logo-Palc-Social.png\" \/>\n\t<meta property=\"og:image:width\" content=\"1200\" \/>\n\t<meta property=\"og:image:height\" content=\"675\" \/>\n\t<meta property=\"og:image:type\" content=\"image\/png\" \/>\n<meta name=\"twitter:card\" content=\"summary_large_image\" \/>\n<script type=\"application\/ld+json\" class=\"yoast-schema-graph\">{\"@context\":\"https:\\\/\\\/schema.org\",\"@graph\":[{\"@type\":\"WebPage\",\"@id\":\"https:\\\/\\\/www.perrosalcolegio.es\\\/politica-de-cookies\\\/\",\"url\":\"https:\\\/\\\/www.perrosalcolegio.es\\\/politica-de-cookies\\\/\",\"name\":\"Pol\u00edtica de cookies - Perros al colegio\",\"isPartOf\":{\"@id\":\"https:\\\/\\\/www.perrosalcolegio.es\\\/#website\"},\"datePublished\":\"2023-03-01T13:03:52+00:00\",\"dateModified\":\"2023-03-24T09:54:06+00:00\",\"description\":\"Pol\u00edtica de cookies de Perros al colegio\",\"breadcrumb\":{\"@id\":\"https:\\\/\\\/www.perrosalcolegio.es\\\/politica-de-cookies\\\/#breadcrumb\"},\"inLanguage\":\"en-US\",\"potentialAction\":[{\"@type\":\"ReadAction\",\"target\":[\"https:\\\/\\\/www.perrosalcolegio.es\\\/politica-de-cookies\\\/\"]}]},{\"@type\":\"BreadcrumbList\",\"@id\":\"https:\\\/\\\/www.perrosalcolegio.es\\\/politica-de-cookies\\\/#breadcrumb\",\"itemListElement\":[{\"@type\":\"ListItem\",\"position\":1,\"name\":\"Inicio\",\"item\":\"https:\\\/\\\/www.perrosalcolegio.es\\\/\"},{\"@type\":\"ListItem\",\"position\":2,\"name\":\"Pol\u00edtica de cookies\"}]},{\"@type\":\"WebSite\",\"@id\":\"https:\\\/\\\/www.perrosalcolegio.es\\\/#website\",\"url\":\"https:\\\/\\\/www.perrosalcolegio.es\\\/\",\"name\":\"Perros al colegio\",\"description\":\"Servicios profesionales para perro y familia, porque vuestro bienestar va de la mano.\",\"publisher\":{\"@id\":\"https:\\\/\\\/www.perrosalcolegio.es\\\/#organization\"},\"potentialAction\":[{\"@type\":\"SearchAction\",\"target\":{\"@type\":\"EntryPoint\",\"urlTemplate\":\"https:\\\/\\\/www.perrosalcolegio.es\\\/?s={search_term_string}\"},\"query-input\":{\"@type\":\"PropertyValueSpecification\",\"valueRequired\":true,\"valueName\":\"search_term_string\"}}],\"inLanguage\":\"en-US\"},{\"@type\":\"Organization\",\"@id\":\"https:\\\/\\\/www.perrosalcolegio.es\\\/#organization\",\"name\":\"Perros al colegio\",\"url\":\"https:\\\/\\\/www.perrosalcolegio.es\\\/\",\"logo\":{\"@type\":\"ImageObject\",\"inLanguage\":\"en-US\",\"@id\":\"https:\\\/\\\/www.perrosalcolegio.es\\\/#\\\/schema\\\/logo\\\/image\\\/\",\"url\":\"https:\\\/\\\/www.perrosalcolegio.es\\\/wp-content\\\/uploads\\\/2023\\\/05\\\/favicon.png\",\"contentUrl\":\"https:\\\/\\\/www.perrosalcolegio.es\\\/wp-content\\\/uploads\\\/2023\\\/05\\\/favicon.png\",\"width\":175,\"height\":175,\"caption\":\"Perros al colegio\"},\"image\":{\"@id\":\"https:\\\/\\\/www.perrosalcolegio.es\\\/#\\\/schema\\\/logo\\\/image\\\/\"},\"sameAs\":[\"https:\\\/\\\/www.facebook.com\\\/perrosalcoelgio\\\/\",\"https:\\\/\\\/www.instagram.com\\\/perros_al_colegio\\\/\"]}]}<\/script>\n<!-- \/ Yoast SEO plugin. -->","yoast_head_json":{"title":"Cookies policy - Perros al colegio","description":"Perros al colegio cookies policy","robots":{"index":"index","follow":"follow","max-snippet":"max-snippet:-1","max-image-preview":"max-image-preview:large","max-video-preview":"max-video-preview:-1"},"canonical":"https:\/\/www.perrosalcolegio.es\/en\/cookies-policy\/","og_locale":"en_US","og_type":"article","og_title":"Pol\u00edtica de cookies - Perros al colegio","og_description":"Pol\u00edtica de cookies de Perros al colegio","og_url":"https:\/\/www.perrosalcolegio.es\/en\/cookies-policy\/","og_site_name":"Perros al colegio","article_publisher":"https:\/\/www.facebook.com\/perrosalcoelgio\/","article_modified_time":"2023-03-24T09:54:06+00:00","og_image":[{"width":1200,"height":675,"url":"https:\/\/www.perrosalcolegio.es\/wp-content\/uploads\/2023\/06\/Logo-Palc-Social.png","type":"image\/png"}],"twitter_card":"summary_large_image","schema":{"@context":"https:\/\/schema.org","@graph":[{"@type":"WebPage","@id":"https:\/\/www.perrosalcolegio.es\/politica-de-cookies\/","url":"https:\/\/www.perrosalcolegio.es\/politica-de-cookies\/","name":"Cookies policy - Perros al colegio","isPartOf":{"@id":"https:\/\/www.perrosalcolegio.es\/#website"},"datePublished":"2023-03-01T13:03:52+00:00","dateModified":"2023-03-24T09:54:06+00:00","description":"Perros al colegio cookies policy","breadcrumb":{"@id":"https:\/\/www.perrosalcolegio.es\/politica-de-cookies\/#breadcrumb"},"inLanguage":"en-US","potentialAction":[{"@type":"ReadAction","target":["https:\/\/www.perrosalcolegio.es\/politica-de-cookies\/"]}]},{"@type":"BreadcrumbList","@id":"https:\/\/www.perrosalcolegio.es\/politica-de-cookies\/#breadcrumb","itemListElement":[{"@type":"ListItem","position":1,"name":"Inicio","item":"https:\/\/www.perrosalcolegio.es\/"},{"@type":"ListItem","position":2,"name":"Pol\u00edtica de cookies"}]},{"@type":"WebSite","@id":"https:\/\/www.perrosalcolegio.es\/#website","url":"https:\/\/www.perrosalcolegio.es\/","name":"Perros al colegio","description":"Professional services for dogs and families, because your well-being goes hand in hand.","publisher":{"@id":"https:\/\/www.perrosalcolegio.es\/#organization"},"potentialAction":[{"@type":"SearchAction","target":{"@type":"EntryPoint","urlTemplate":"https:\/\/www.perrosalcolegio.es\/?s={search_term_string}"},"query-input":{"@type":"PropertyValueSpecification","valueRequired":true,"valueName":"search_term_string"}}],"inLanguage":"en-US"},{"@type":"Organization","@id":"https:\/\/www.perrosalcolegio.es\/#organization","name":"Perros al colegio","url":"https:\/\/www.perrosalcolegio.es\/","logo":{"@type":"ImageObject","inLanguage":"en-US","@id":"https:\/\/www.perrosalcolegio.es\/#\/schema\/logo\/image\/","url":"https:\/\/www.perrosalcolegio.es\/wp-content\/uploads\/2023\/05\/favicon.png","contentUrl":"https:\/\/www.perrosalcolegio.es\/wp-content\/uploads\/2023\/05\/favicon.png","width":175,"height":175,"caption":"Perros al colegio"},"image":{"@id":"https:\/\/www.perrosalcolegio.es\/#\/schema\/logo\/image\/"},"sameAs":["https:\/\/www.facebook.com\/perrosalcoelgio\/","https:\/\/www.instagram.com\/perros_al_colegio\/"]}]}},"_links":{"self":[{"href":"https:\/\/www.perrosalcolegio.es\/en\/wp-json\/wp\/v2\/pages\/88","targetHints":{"allow":["GET"]}}],"collection":[{"href":"https:\/\/www.perrosalcolegio.es\/en\/wp-json\/wp\/v2\/pages"}],"about":[{"href":"https:\/\/www.perrosalcolegio.es\/en\/wp-json\/wp\/v2\/types\/page"}],"author":[{"embeddable":true,"href":"https:\/\/www.perrosalcolegio.es\/en\/wp-json\/wp\/v2\/users\/1"}],"replies":[{"embeddable":true,"href":"https:\/\/www.perrosalcolegio.es\/en\/wp-json\/wp\/v2\/comments?post=88"}],"version-history":[{"count":3,"href":"https:\/\/www.perrosalcolegio.es\/en\/wp-json\/wp\/v2\/pages\/88\/revisions"}],"predecessor-version":[{"id":191,"href":"https:\/\/www.perrosalcolegio.es\/en\/wp-json\/wp\/v2\/pages\/88\/revisions\/191"}],"wp:attachment":[{"href":"https:\/\/www.perrosalcolegio.es\/en\/wp-json\/wp\/v2\/media?parent=88"}],"curies":[{"name":"wp","href":"https:\/\/api.w.org\/{rel}","templated":true}]}}